{"id":7946,"date":"2024-02-12T15:49:45","date_gmt":"2024-02-12T14:49:45","guid":{"rendered":"https:\/\/rolovrata.com\/?post_type=product&#038;p=7946"},"modified":"2024-02-12T16:18:41","modified_gmt":"2024-02-12T15:18:41","slug":"profil-s-ventilacijskom-resetkom-134x64-mm","status":"publish","type":"product","link":"https:\/\/rolovrata.com\/en\/product\/profil-s-ventilacijskom-resetkom-134x64-mm\/","title":{"rendered":"Profile with ventilation grille - 134\u00d764 mm"},"content":{"rendered":"<p>Profile with ventilation grille dimensions 134\u00d764 mm provides an effective solution for natural ventilation of your space. This profile is equipped with double polycarbonate glass, ensuring durability and longevity. It is intended for use with CB1\/CB2 profiles, making it compatible with various frames.<\/p>","protected":false},"excerpt":{"rendered":"<p>It is ideal for use in various spaces such as workshops, warehouses, or garages where natural ventilation is needed. Get your profile with a ventilation grille today and ensure a fresh and airy space!<\/p>","protected":false},"featured_media":7941,"template":"","meta":{"site-sidebar-layout":"default","site-content-layout":"","ast-site-content-layout":"default","site-content-style":"default","site-sidebar-style":"default","ast-global-header-display":"","ast-banner-title-visibility":"","ast-main-header-display":"","ast-hfb-above-header-display":"","ast-hfb-below-header-display":"","ast-hfb-mobile-header-display":"","site-post-title":"","ast-breadcrumbs-content":"","ast-featured-img":"","footer-sml-layout":"","ast-disable-related-posts":"","theme-transparent-header-meta":"default","adv-header-id-meta":"","stick-header-meta":"","header-above-stick-meta":"","header-main-stick-meta":"","header-below-stick-meta":"","astra-migrate-meta-layouts":"set","ast-page-background-enabled":"default","ast-page-background-meta":{"desktop":{"background-color":"","background-image":"","background-repeat":"repeat","background-position":"center center","background-size":"auto","background-attachment":"scroll","background-type":"","background-media":"","overlay-type":"","overlay-color":"","overlay-opacity":"","overlay-gradient":""},"tablet":{"background-color":"","background-image":"","background-repeat":"repeat","background-position":"center center","background-size":"auto","background-attachment":"scroll","background-type":"","background-media":"","overlay-type":"","overlay-color":"","overlay-opacity":"","overlay-gradient":""},"mobile":{"background-color":"","background-image":"","background-repeat":"repeat","background-position":"center center","background-size":"auto","background-attachment":"scroll","background-type":"","background-media":"","overlay-type":"","overlay-color":"","overlay-opacity":"","overlay-gradient":""}},"ast-content-background-meta":{"desktop":{"background-color":"var(--ast-global-color-5)","background-image":"","background-repeat":"repeat","background-position":"center center","background-size":"auto","background-attachment":"scroll","background-type":"","background-media":"","overlay-type":"","overlay-color":"","overlay-opacity":"","overlay-gradient":""},"tablet":{"background-color":"var(--ast-global-color-5)","background-image":"","background-repeat":"repeat","background-position":"center center","background-size":"auto","background-attachment":"scroll","background-type":"","background-media":"","overlay-type":"","overlay-color":"","overlay-opacity":"","overlay-gradient":""},"mobile":{"background-color":"var(--ast-global-color-5)","background-image":"","background-repeat":"repeat","background-position":"center center","background-size":"auto","background-attachment":"scroll","background-type":"","background-media":"","overlay-type":"","overlay-color":"","overlay-opacity":"","overlay-gradient":""}},"slim_seo":{"title":"Profil s ventilacijskom re\u0161etkom - 134x64 mm - ITALSERRANDE","description":"Idealan je za upotrebu u razli\u010ditim prostorima poput radionica, skladi\u0161ta ili gara\u017ea gdje je potrebna prirodna ventilacija. Nabavite svoj profil s ventilacijsko"}},"product_brand":[],"product_cat":[64,69],"product_tag":[86],"class_list":{"0":"post-7946","1":"product","2":"type-product","3":"status-publish","4":"has-post-thumbnail","6":"product_cat-komponente-za-vrata","7":"product_cat-za-rolovrata","8":"product_tag-profil-s-ventilacijskom-resetkom-134x64-mm","9":"desktop-align-center","10":"tablet-align-center","11":"mobile-align-center","13":"first","14":"instock","15":"shipping-taxable","16":"product-type-simple"},"_links":{"self":[{"href":"https:\/\/rolovrata.com\/en\/wp-json\/wp\/v2\/product\/7946","targetHints":{"allow":["GET"]}}],"collection":[{"href":"https:\/\/rolovrata.com\/en\/wp-json\/wp\/v2\/product"}],"about":[{"href":"https:\/\/rolovrata.com\/en\/wp-json\/wp\/v2\/types\/product"}],"wp:featuredmedia":[{"embeddable":true,"href":"https:\/\/rolovrata.com\/en\/wp-json\/wp\/v2\/media\/7941"}],"wp:attachment":[{"href":"https:\/\/rolovrata.com\/en\/wp-json\/wp\/v2\/media?parent=7946"}],"wp:term":[{"taxonomy":"product_brand","embeddable":true,"href":"https:\/\/rolovrata.com\/en\/wp-json\/wp\/v2\/product_brand?post=7946"},{"taxonomy":"product_cat","embeddable":true,"href":"https:\/\/rolovrata.com\/en\/wp-json\/wp\/v2\/product_cat?post=7946"},{"taxonomy":"product_tag","embeddable":true,"href":"https:\/\/rolovrata.com\/en\/wp-json\/wp\/v2\/product_tag?post=7946"}],"curies":[{"name":"wp","href":"https:\/\/api.w.org\/{rel}","templated":true}]}}