{"id":7912,"date":"2024-02-09T11:51:10","date_gmt":"2024-02-09T10:51:10","guid":{"rendered":"https:\/\/rolovrata.com\/?post_type=product&#038;p=7912"},"modified":"2024-02-09T11:51:10","modified_gmt":"2024-02-09T10:51:10","slug":"elsamec-taurus-osovina-za-motor-o-30-40-50-mm","status":"publish","type":"product","link":"https:\/\/rolovrata.com\/en\/product\/elsamec-taurus-osovina-za-motor-o-30-40-50-mm\/","title":{"rendered":"ELSAMEC TAURUS motor shaft \u00d8 30\/40\/50 mm"},"content":{"rendered":"<p>The ELSAMEC TAURUS motor shaft with diameters of \u00d8 30\/40\/50 mm is a premium product that offers exceptional strength, reliability, and adaptability for your industrial needs. Made of high-quality material and carefully designed, this shaft ensures stable and efficient operation of your motor. With three different diameters, 30 mm, 40 mm, and 50 mm, it allows you to adapt to various types of motors and machines, providing you with flexibility and ease of installation. <\/p>","protected":false},"excerpt":{"rendered":"<p>Versatile in application, this sprocket is ideal for industrial plants, machinery, and equipment where reliable and efficient power transmission is required. With its excellent performance and durability, the ELSAMEC TAURUS Magnum Sprocket is the right choice for your business needs. Visit our webshop and secure a top-notch sprocket that will meet your requirements for performance and reliability.<\/p>","protected":false},"featured_media":7883,"template":"","meta":{"site-sidebar-layout":"default","site-content-layout":"","ast-site-content-layout":"default","site-content-style":"default","site-sidebar-style":"default","ast-global-header-display":"","ast-banner-title-visibility":"","ast-main-header-display":"","ast-hfb-above-header-display":"","ast-hfb-below-header-display":"","ast-hfb-mobile-header-display":"","site-post-title":"","ast-breadcrumbs-content":"","ast-featured-img":"","footer-sml-layout":"","ast-disable-related-posts":"","theme-transparent-header-meta":"default","adv-header-id-meta":"","stick-header-meta":"","header-above-stick-meta":"","header-main-stick-meta":"","header-below-stick-meta":"","astra-migrate-meta-layouts":"set","ast-page-background-enabled":"default","ast-page-background-meta":{"desktop":{"background-color":"","background-image":"","background-repeat":"repeat","background-position":"center center","background-size":"auto","background-attachment":"scroll","background-type":"","background-media":"","overlay-type":"","overlay-color":"","overlay-opacity":"","overlay-gradient":""},"tablet":{"background-color":"","background-image":"","background-repeat":"repeat","background-position":"center center","background-size":"auto","background-attachment":"scroll","background-type":"","background-media":"","overlay-type":"","overlay-color":"","overlay-opacity":"","overlay-gradient":""},"mobile":{"background-color":"","background-image":"","background-repeat":"repeat","background-position":"center center","background-size":"auto","background-attachment":"scroll","background-type":"","background-media":"","overlay-type":"","overlay-color":"","overlay-opacity":"","overlay-gradient":""}},"ast-content-background-meta":{"desktop":{"background-color":"var(--ast-global-color-5)","background-image":"","background-repeat":"repeat","background-position":"center center","background-size":"auto","background-attachment":"scroll","background-type":"","background-media":"","overlay-type":"","overlay-color":"","overlay-opacity":"","overlay-gradient":""},"tablet":{"background-color":"var(--ast-global-color-5)","background-image":"","background-repeat":"repeat","background-position":"center center","background-size":"auto","background-attachment":"scroll","background-type":"","background-media":"","overlay-type":"","overlay-color":"","overlay-opacity":"","overlay-gradient":""},"mobile":{"background-color":"var(--ast-global-color-5)","background-image":"","background-repeat":"repeat","background-position":"center center","background-size":"auto","background-attachment":"scroll","background-type":"","background-media":"","overlay-type":"","overlay-color":"","overlay-opacity":"","overlay-gradient":""}},"slim_seo":{"title":"ELSAMEC TAURUS osovina za motor \u00d8 30\/40\/50 mm - ITALSERRANDE","description":"Svestran u primjeni, ovaj lan\u010danik je idealan za industrijska postrojenja, strojeve i ure\u0111aje gdje je potrebno pouzdano i u\u010dinkovito preno\u0161enje snage. Sa svojom"}},"product_brand":[],"product_cat":[67,25],"product_tag":[75],"class_list":{"0":"post-7912","1":"product","2":"type-product","3":"status-publish","4":"has-post-thumbnail","6":"product_cat-dodaci-za-motorizaciju","7":"product_cat-motorizacija","8":"product_tag-osovina-za-motor-o-30-40-50-mm","9":"desktop-align-center","10":"tablet-align-center","11":"mobile-align-center","13":"first","14":"instock","15":"shipping-taxable","16":"product-type-simple"},"_links":{"self":[{"href":"https:\/\/rolovrata.com\/en\/wp-json\/wp\/v2\/product\/7912","targetHints":{"allow":["GET"]}}],"collection":[{"href":"https:\/\/rolovrata.com\/en\/wp-json\/wp\/v2\/product"}],"about":[{"href":"https:\/\/rolovrata.com\/en\/wp-json\/wp\/v2\/types\/product"}],"wp:featuredmedia":[{"embeddable":true,"href":"https:\/\/rolovrata.com\/en\/wp-json\/wp\/v2\/media\/7883"}],"wp:attachment":[{"href":"https:\/\/rolovrata.com\/en\/wp-json\/wp\/v2\/media?parent=7912"}],"wp:term":[{"taxonomy":"product_brand","embeddable":true,"href":"https:\/\/rolovrata.com\/en\/wp-json\/wp\/v2\/product_brand?post=7912"},{"taxonomy":"product_cat","embeddable":true,"href":"https:\/\/rolovrata.com\/en\/wp-json\/wp\/v2\/product_cat?post=7912"},{"taxonomy":"product_tag","embeddable":true,"href":"https:\/\/rolovrata.com\/en\/wp-json\/wp\/v2\/product_tag?post=7912"}],"curies":[{"name":"wp","href":"https:\/\/api.w.org\/{rel}","templated":true}]}}