{"id":7803,"date":"2023-10-04T09:52:33","date_gmt":"2023-10-04T07:52:33","guid":{"rendered":"https:\/\/rolovrata.com\/?post_type=product&#038;p=7803"},"modified":"2023-10-14T12:54:13","modified_gmt":"2023-10-14T10:54:13","slug":"daljinski-upravljac-seav-behappy-sx-new","status":"publish","type":"product","link":"https:\/\/rolovrata.com\/en\/product\/daljinski-upravljac-seav-behappy-sx-new\/","title":{"rendered":"Daljinski upravlja\u010d SEAV BeHappy S NEW"},"content":{"rendered":"<p>Daljinski upravlja\u010d SEAV BeHappy S NEW<br \/>\nDaljinski upravlja\u010d\u00a0 dostupan sa jednom, dvije ili tri verzije kanala.<br \/>\nNova verzija BeHappy SXN s crnim pokrovom (otporniji na udarce).<\/p>\n<p>Napajanje: 3 V DC litijeva baterija CR2032<\/p>\n<p>Frekvencija: 433,92 MHz<\/p>\n<p>Potpuna izjava o sukladnosti s EU propisima.<br \/>\nBEHAPPY SERIJA &#8220;S&#8221; NOVA<br \/>\nRadijska kontrola s prijenosom koda od 12 bita.<br \/>\n<img decoding=\"async\" class=\"alignnone size-full wp-image-7820\" src=\"https:\/\/rolovrata.com\/wp-content\/uploads\/2023\/10\/icon_pdf.png\" alt=\"Pdf\" width=\"67\" height=\"70\" srcset=\"https:\/\/rolovrata.com\/wp-content\/uploads\/2023\/10\/icon_pdf.png 67w, https:\/\/rolovrata.com\/wp-content\/uploads\/2023\/10\/icon_pdf-11x12.png 11w\" sizes=\"(max-width: 67px) 100vw, 67px\" \/><a href=\"https:\/\/rolovrata.com\/wp-content\/uploads\/2023\/10\/TEHNICKI-OPIS-I-CERTIFIKAT.pdf\" target=\"_blank\" rel=\"noopener\">TEHNI\u010cKI OPIS I CERTIFIKAT<\/a><\/p>","protected":false},"excerpt":{"rendered":"<p>Mod. BeHappy S 2 New:<br \/>\nMod. BeHappy S 3 New:<br \/>\nKombinacije: 12 bita<br \/>\nMaksimalna potro\u0161nja: &lt;20mA<br \/>\nRadna temperatura: -10+55\u00b0C<br \/>\nDimenzije: 33x69x13mm<\/p>\n<p><strong>Programiranje<\/strong><br \/>\nPritiskom na 10 mikroprekida\u010da na Dip-Switch SW1 i postavljanjem ih u polo\u017eaj &#8220;ON&#8221; ili &#8220;OFF&#8221;, mo\u017ee se odabrati \u017eeljeni kod. Taj kod mora odgovarati kodu koji je pohranjen u prijemniku. (Standardna tvorni\u010dka konfiguracija: neparni prekida\u010di su postavljeni na &#8220;ON&#8221;).<br \/>\nSEAV s.r.l. declares that the products:<br \/>\nRadio control<br \/>\nBeHappy S1 New, S2 New, S3 New<br \/>\nComply with the fundamental requirements of the Directive R&amp;TTE 99\/5\/EC.<\/p>","protected":false},"featured_media":7807,"template":"","meta":{"site-sidebar-layout":"default","site-content-layout":"","ast-site-content-layout":"default","site-content-style":"default","site-sidebar-style":"default","ast-global-header-display":"","ast-banner-title-visibility":"","ast-main-header-display":"","ast-hfb-above-header-display":"","ast-hfb-below-header-display":"","ast-hfb-mobile-header-display":"","site-post-title":"","ast-breadcrumbs-content":"","ast-featured-img":"","footer-sml-layout":"","ast-disable-related-posts":"","theme-transparent-header-meta":"default","adv-header-id-meta":"","stick-header-meta":"","header-above-stick-meta":"","header-main-stick-meta":"","header-below-stick-meta":"","astra-migrate-meta-layouts":"set","ast-page-background-enabled":"default","ast-page-background-meta":{"desktop":{"background-color":"","background-image":"","background-repeat":"repeat","background-position":"center center","background-size":"auto","background-attachment":"scroll","background-type":"","background-media":"","overlay-type":"","overlay-color":"","overlay-opacity":"","overlay-gradient":""},"tablet":{"background-color":"","background-image":"","background-repeat":"repeat","background-position":"center center","background-size":"auto","background-attachment":"scroll","background-type":"","background-media":"","overlay-type":"","overlay-color":"","overlay-opacity":"","overlay-gradient":""},"mobile":{"background-color":"","background-image":"","background-repeat":"repeat","background-position":"center center","background-size":"auto","background-attachment":"scroll","background-type":"","background-media":"","overlay-type":"","overlay-color":"","overlay-opacity":"","overlay-gradient":""}},"ast-content-background-meta":{"desktop":{"background-color":"var(--ast-global-color-5)","background-image":"","background-repeat":"repeat","background-position":"center center","background-size":"auto","background-attachment":"scroll","background-type":"","background-media":"","overlay-type":"","overlay-color":"","overlay-opacity":"","overlay-gradient":""},"tablet":{"background-color":"var(--ast-global-color-5)","background-image":"","background-repeat":"repeat","background-position":"center center","background-size":"auto","background-attachment":"scroll","background-type":"","background-media":"","overlay-type":"","overlay-color":"","overlay-opacity":"","overlay-gradient":""},"mobile":{"background-color":"var(--ast-global-color-5)","background-image":"","background-repeat":"repeat","background-position":"center center","background-size":"auto","background-attachment":"scroll","background-type":"","background-media":"","overlay-type":"","overlay-color":"","overlay-opacity":"","overlay-gradient":""}},"slim_seo":{"title":"Daljinski upravlja\u010d SEAV BeHappy S NEW - ITALSERRANDE","description":"Mod. BeHappy S 2 New: Mod. BeHappy S 3 New: Kombinacije: 12 bita Maksimalna potro\u0161nja: &lt;20mA Radna temperatura: -10+55\u00b0C Dimenzije: 33x69x13mm Programiranje"}},"product_brand":[],"product_cat":[64],"product_tag":[],"class_list":{"0":"post-7803","1":"product","2":"type-product","3":"status-publish","4":"has-post-thumbnail","6":"product_cat-komponente-za-vrata","7":"desktop-align-center","8":"tablet-align-center","9":"mobile-align-center","11":"first","12":"instock","13":"shipping-taxable","14":"product-type-simple"},"_links":{"self":[{"href":"https:\/\/rolovrata.com\/en\/wp-json\/wp\/v2\/product\/7803","targetHints":{"allow":["GET"]}}],"collection":[{"href":"https:\/\/rolovrata.com\/en\/wp-json\/wp\/v2\/product"}],"about":[{"href":"https:\/\/rolovrata.com\/en\/wp-json\/wp\/v2\/types\/product"}],"wp:featuredmedia":[{"embeddable":true,"href":"https:\/\/rolovrata.com\/en\/wp-json\/wp\/v2\/media\/7807"}],"wp:attachment":[{"href":"https:\/\/rolovrata.com\/en\/wp-json\/wp\/v2\/media?parent=7803"}],"wp:term":[{"taxonomy":"product_brand","embeddable":true,"href":"https:\/\/rolovrata.com\/en\/wp-json\/wp\/v2\/product_brand?post=7803"},{"taxonomy":"product_cat","embeddable":true,"href":"https:\/\/rolovrata.com\/en\/wp-json\/wp\/v2\/product_cat?post=7803"},{"taxonomy":"product_tag","embeddable":true,"href":"https:\/\/rolovrata.com\/en\/wp-json\/wp\/v2\/product_tag?post=7803"}],"curies":[{"name":"wp","href":"https:\/\/api.w.org\/{rel}","templated":true}]}}