{"id":7178,"date":"2023-09-04T22:43:42","date_gmt":"2023-09-04T20:43:42","guid":{"rendered":"https:\/\/dev.rolovrata.com\/?post_type=product&#038;p=7178"},"modified":"2023-09-04T22:44:25","modified_gmt":"2023-09-04T20:44:25","slug":"elektromehanicki-tripod-345","status":"publish","type":"product","link":"https:\/\/rolovrata.com\/en\/product\/elektromehanicki-tripod-345\/","title":{"rendered":"ELECTROMECHANICAL TRIPOD 345"},"content":{"rendered":"","protected":false},"excerpt":{"rendered":"<p>Tripod 345 can be installed in various locations such as public transport terminals, universities, banks, ministries, business centers, museums, and amusement parks, etc.<br \/>\nTripod 345 is made of stainless steel AISI 304 and is suitable for outdoor use.<br \/>\nTripod 345 is designed for narrow spaces. This electromechanical revolving barrier operates bidirectionally. It can be integrated with various access control systems such as card readers, biometric scanners, remote control units, or keypads using simple dry contacts. Once access permission is granted, the user needs to gently touch the arm to make it rotate. After completing one rotation, the turnstile automatically locks. If the user doesn't utilize their access right within 15 seconds, the tripod will provide an audible warning and remain locked. LED status indicator lights are located on both sides, showing a green arrow and a red cross to indicate permitted passage directions. The passage speed can reach up to 30 people per minute. In case of a power outage, the tripod is unlocked to allow free rotation in both directions. Optionally, we can produce the tripod with a drop-arm mechanism. In this case, upon receiving a signal from the emergency system, the blocking arm will drop to ensure completely unobstructed passage for rapid area evacuation.<\/p>","protected":false},"featured_media":7175,"template":"","meta":{"site-sidebar-layout":"default","site-content-layout":"","ast-site-content-layout":"default","site-content-style":"default","site-sidebar-style":"default","ast-global-header-display":"","ast-banner-title-visibility":"","ast-main-header-display":"","ast-hfb-above-header-display":"","ast-hfb-below-header-display":"","ast-hfb-mobile-header-display":"","site-post-title":"","ast-breadcrumbs-content":"","ast-featured-img":"","footer-sml-layout":"","ast-disable-related-posts":"","theme-transparent-header-meta":"default","adv-header-id-meta":"","stick-header-meta":"","header-above-stick-meta":"","header-main-stick-meta":"","header-below-stick-meta":"","astra-migrate-meta-layouts":"set","ast-page-background-enabled":"default","ast-page-background-meta":{"desktop":{"background-color":"","background-image":"","background-repeat":"repeat","background-position":"center center","background-size":"auto","background-attachment":"scroll","background-type":"","background-media":"","overlay-type":"","overlay-color":"","overlay-opacity":"","overlay-gradient":""},"tablet":{"background-color":"","background-image":"","background-repeat":"repeat","background-position":"center center","background-size":"auto","background-attachment":"scroll","background-type":"","background-media":"","overlay-type":"","overlay-color":"","overlay-opacity":"","overlay-gradient":""},"mobile":{"background-color":"","background-image":"","background-repeat":"repeat","background-position":"center center","background-size":"auto","background-attachment":"scroll","background-type":"","background-media":"","overlay-type":"","overlay-color":"","overlay-opacity":"","overlay-gradient":""}},"ast-content-background-meta":{"desktop":{"background-color":"var(--ast-global-color-5)","background-image":"","background-repeat":"repeat","background-position":"center center","background-size":"auto","background-attachment":"scroll","background-type":"","background-media":"","overlay-type":"","overlay-color":"","overlay-opacity":"","overlay-gradient":""},"tablet":{"background-color":"var(--ast-global-color-5)","background-image":"","background-repeat":"repeat","background-position":"center center","background-size":"auto","background-attachment":"scroll","background-type":"","background-media":"","overlay-type":"","overlay-color":"","overlay-opacity":"","overlay-gradient":""},"mobile":{"background-color":"var(--ast-global-color-5)","background-image":"","background-repeat":"repeat","background-position":"center center","background-size":"auto","background-attachment":"scroll","background-type":"","background-media":"","overlay-type":"","overlay-color":"","overlay-opacity":"","overlay-gradient":""}},"slim_seo":{"title":"ELEKTROMEHANI\u010cKI TRIPOD 345 - ITALSERRANDE","description":"Tripod 345 se mo\u017ee instalirati na razli\u010ditim lokacijama kao \u0161to su terminali javnog prijevoza, sveu\u010dili\u0161ta, banke, ministarstva, poslovni centri, muzeji i zabav"}},"product_brand":[],"product_cat":[59,24],"product_tag":[],"class_list":{"0":"post-7178","1":"product","2":"type-product","3":"status-publish","4":"has-post-thumbnail","6":"product_cat-kontrola-prilaza","7":"product_cat-proizvodi","8":"desktop-align-center","9":"tablet-align-center","10":"mobile-align-center","12":"first","13":"instock","14":"shipping-taxable","15":"product-type-simple"},"_links":{"self":[{"href":"https:\/\/rolovrata.com\/en\/wp-json\/wp\/v2\/product\/7178","targetHints":{"allow":["GET"]}}],"collection":[{"href":"https:\/\/rolovrata.com\/en\/wp-json\/wp\/v2\/product"}],"about":[{"href":"https:\/\/rolovrata.com\/en\/wp-json\/wp\/v2\/types\/product"}],"wp:featuredmedia":[{"embeddable":true,"href":"https:\/\/rolovrata.com\/en\/wp-json\/wp\/v2\/media\/7175"}],"wp:attachment":[{"href":"https:\/\/rolovrata.com\/en\/wp-json\/wp\/v2\/media?parent=7178"}],"wp:term":[{"taxonomy":"product_brand","embeddable":true,"href":"https:\/\/rolovrata.com\/en\/wp-json\/wp\/v2\/product_brand?post=7178"},{"taxonomy":"product_cat","embeddable":true,"href":"https:\/\/rolovrata.com\/en\/wp-json\/wp\/v2\/product_cat?post=7178"},{"taxonomy":"product_tag","embeddable":true,"href":"https:\/\/rolovrata.com\/en\/wp-json\/wp\/v2\/product_tag?post=7178"}],"curies":[{"name":"wp","href":"https:\/\/api.w.org\/{rel}","templated":true}]}}