{"id":7174,"date":"2023-09-04T22:31:01","date_gmt":"2023-09-04T20:31:01","guid":{"rendered":"https:\/\/dev.rolovrata.com\/?post_type=product&#038;p=7174"},"modified":"2023-09-04T22:31:03","modified_gmt":"2023-09-04T20:31:03","slug":"elektromehanicki-tripod-250","status":"publish","type":"product","link":"https:\/\/rolovrata.com\/en\/product\/elektromehanicki-tripod-250\/","title":{"rendered":"ELECTROMECHANICAL TRIPOD 250"},"content":{"rendered":"","protected":false},"excerpt":{"rendered":"<p>Tripod 250 can be installed at various locations such as public transportation terminals, universities, banks, ministries, business centers, museums, and amusement parks, etc.<br \/>\nIt is made of stainless steel AISI 304 and is suitable for outdoor conditions.<br \/>\nThe electromechanical tripod barrier 250 operates bidirectionally. Any type of access control system, such as card readers, biometric readers, remote control units, or a keypad, can be integrated<br \/>\nthrough a simple dry contact. Once authorized access is granted, the user needs to gently push the arm to make a turn. After completing one rotation, it automatically locks. If the user does not utilize the access right within 15 seconds, the T 250 will provide an audible alert and remain locked. LED status indicator lights are located on both sides, in the form of a green arrow and a red cross to display<br \/>\nallowed passage directions. The passage speed is up to 30 people per minute. In the event of a power failure, the tripod is unlocked to allow free rotation in both directions. As an option, it can be equipped with a drop arm mechanism. In this case, upon receiving a signal from the emergency system, the blocking arm will drop to ensure completely unrestricted passage for rapid area evacuation.<\/p>","protected":false},"featured_media":7176,"template":"","meta":{"site-sidebar-layout":"default","site-content-layout":"","ast-site-content-layout":"default","site-content-style":"default","site-sidebar-style":"default","ast-global-header-display":"","ast-banner-title-visibility":"","ast-main-header-display":"","ast-hfb-above-header-display":"","ast-hfb-below-header-display":"","ast-hfb-mobile-header-display":"","site-post-title":"","ast-breadcrumbs-content":"","ast-featured-img":"","footer-sml-layout":"","ast-disable-related-posts":"","theme-transparent-header-meta":"default","adv-header-id-meta":"","stick-header-meta":"","header-above-stick-meta":"","header-main-stick-meta":"","header-below-stick-meta":"","astra-migrate-meta-layouts":"set","ast-page-background-enabled":"default","ast-page-background-meta":{"desktop":{"background-color":"","background-image":"","background-repeat":"repeat","background-position":"center center","background-size":"auto","background-attachment":"scroll","background-type":"","background-media":"","overlay-type":"","overlay-color":"","overlay-opacity":"","overlay-gradient":""},"tablet":{"background-color":"","background-image":"","background-repeat":"repeat","background-position":"center center","background-size":"auto","background-attachment":"scroll","background-type":"","background-media":"","overlay-type":"","overlay-color":"","overlay-opacity":"","overlay-gradient":""},"mobile":{"background-color":"","background-image":"","background-repeat":"repeat","background-position":"center center","background-size":"auto","background-attachment":"scroll","background-type":"","background-media":"","overlay-type":"","overlay-color":"","overlay-opacity":"","overlay-gradient":""}},"ast-content-background-meta":{"desktop":{"background-color":"var(--ast-global-color-5)","background-image":"","background-repeat":"repeat","background-position":"center center","background-size":"auto","background-attachment":"scroll","background-type":"","background-media":"","overlay-type":"","overlay-color":"","overlay-opacity":"","overlay-gradient":""},"tablet":{"background-color":"var(--ast-global-color-5)","background-image":"","background-repeat":"repeat","background-position":"center center","background-size":"auto","background-attachment":"scroll","background-type":"","background-media":"","overlay-type":"","overlay-color":"","overlay-opacity":"","overlay-gradient":""},"mobile":{"background-color":"var(--ast-global-color-5)","background-image":"","background-repeat":"repeat","background-position":"center center","background-size":"auto","background-attachment":"scroll","background-type":"","background-media":"","overlay-type":"","overlay-color":"","overlay-opacity":"","overlay-gradient":""}},"slim_seo":{"title":"ELEKTROMEHANI\u010cKI TRIPOD 250 - ITALSERRANDE","description":"Tripod 250 se mo\u017ee instalirati na razli\u010ditim lokacijama kao \u0161to su terminali javnog prijevoza, sveu\u010dili\u0161ta, banke, ministarstva, poslovni centri, muzeji i zabav"}},"product_brand":[],"product_cat":[59,24],"product_tag":[61],"class_list":{"0":"post-7174","1":"product","2":"type-product","3":"status-publish","4":"has-post-thumbnail","6":"product_cat-kontrola-prilaza","7":"product_cat-proizvodi","8":"product_tag-tripod-250","9":"desktop-align-center","10":"tablet-align-center","11":"mobile-align-center","13":"first","14":"instock","15":"shipping-taxable","16":"product-type-simple"},"_links":{"self":[{"href":"https:\/\/rolovrata.com\/en\/wp-json\/wp\/v2\/product\/7174","targetHints":{"allow":["GET"]}}],"collection":[{"href":"https:\/\/rolovrata.com\/en\/wp-json\/wp\/v2\/product"}],"about":[{"href":"https:\/\/rolovrata.com\/en\/wp-json\/wp\/v2\/types\/product"}],"wp:featuredmedia":[{"embeddable":true,"href":"https:\/\/rolovrata.com\/en\/wp-json\/wp\/v2\/media\/7176"}],"wp:attachment":[{"href":"https:\/\/rolovrata.com\/en\/wp-json\/wp\/v2\/media?parent=7174"}],"wp:term":[{"taxonomy":"product_brand","embeddable":true,"href":"https:\/\/rolovrata.com\/en\/wp-json\/wp\/v2\/product_brand?post=7174"},{"taxonomy":"product_cat","embeddable":true,"href":"https:\/\/rolovrata.com\/en\/wp-json\/wp\/v2\/product_cat?post=7174"},{"taxonomy":"product_tag","embeddable":true,"href":"https:\/\/rolovrata.com\/en\/wp-json\/wp\/v2\/product_tag?post=7174"}],"curies":[{"name":"wp","href":"https:\/\/api.w.org\/{rel}","templated":true}]}}