{"id":6620,"date":"2023-08-31T23:08:11","date_gmt":"2023-08-31T21:08:11","guid":{"rendered":"https:\/\/dev.rolovrata.com\/?post_type=product&#038;p=6620"},"modified":"2023-09-04T19:21:33","modified_gmt":"2023-09-04T17:21:33","slug":"automatska-vrata-k150","status":"publish","type":"product","link":"https:\/\/rolovrata.com\/en\/product\/automatska-vrata-k150\/","title":{"rendered":"Automatic doors K150"},"content":{"rendered":"","protected":false},"excerpt":{"rendered":"<h5>Automatic motorized swing gates K150 provide: <\/h5>\n<ul>\n<li>Motorized operation<\/li>\n<li>Long-lasting flawless operation<\/li>\n<li>The housing and door frame are entirely made of stainless steel<\/li>\n<li>The door leaf is made of plexiglass<\/li>\n<li>The possibility of engraving a logo on the door leaf<\/li>\n<li>Robust mechanism<\/li>\n<li>Double action<\/li>\n<li>Possibility of integrating an access control system<\/li>\n<li>Option to adjust the door open time<\/li>\n<li>Free passage in both directions in case of power supply failure<\/li>\n<li>Operating temperature range: -10\u00b0C to +50\u00b0C<\/li>\n<li>Passing speed: 20 \u2013 30 persons per minute<\/li>\n<\/ul>","protected":false},"featured_media":7164,"template":"","meta":{"site-sidebar-layout":"default","site-content-layout":"","ast-site-content-layout":"default","site-content-style":"default","site-sidebar-style":"default","ast-global-header-display":"","ast-banner-title-visibility":"","ast-main-header-display":"","ast-hfb-above-header-display":"","ast-hfb-below-header-display":"","ast-hfb-mobile-header-display":"","site-post-title":"","ast-breadcrumbs-content":"","ast-featured-img":"","footer-sml-layout":"","ast-disable-related-posts":"","theme-transparent-header-meta":"default","adv-header-id-meta":"","stick-header-meta":"","header-above-stick-meta":"","header-main-stick-meta":"","header-below-stick-meta":"","astra-migrate-meta-layouts":"set","ast-page-background-enabled":"default","ast-page-background-meta":{"desktop":{"background-color":"","background-image":"","background-repeat":"repeat","background-position":"center center","background-size":"auto","background-attachment":"scroll","background-type":"","background-media":"","overlay-type":"","overlay-color":"","overlay-opacity":"","overlay-gradient":""},"tablet":{"background-color":"","background-image":"","background-repeat":"repeat","background-position":"center center","background-size":"auto","background-attachment":"scroll","background-type":"","background-media":"","overlay-type":"","overlay-color":"","overlay-opacity":"","overlay-gradient":""},"mobile":{"background-color":"","background-image":"","background-repeat":"repeat","background-position":"center center","background-size":"auto","background-attachment":"scroll","background-type":"","background-media":"","overlay-type":"","overlay-color":"","overlay-opacity":"","overlay-gradient":""}},"ast-content-background-meta":{"desktop":{"background-color":"var(--ast-global-color-5)","background-image":"","background-repeat":"repeat","background-position":"center center","background-size":"auto","background-attachment":"scroll","background-type":"","background-media":"","overlay-type":"","overlay-color":"","overlay-opacity":"","overlay-gradient":""},"tablet":{"background-color":"var(--ast-global-color-5)","background-image":"","background-repeat":"repeat","background-position":"center center","background-size":"auto","background-attachment":"scroll","background-type":"","background-media":"","overlay-type":"","overlay-color":"","overlay-opacity":"","overlay-gradient":""},"mobile":{"background-color":"var(--ast-global-color-5)","background-image":"","background-repeat":"repeat","background-position":"center center","background-size":"auto","background-attachment":"scroll","background-type":"","background-media":"","overlay-type":"","overlay-color":"","overlay-opacity":"","overlay-gradient":""}},"slim_seo":{"title":"Automatska vrata K150 - ITALSERRANDE","description":"Automatska motorizirana krilna vrata K150 osiguravaju: Motorizirani rad Dugotrajno besprijekorno djelovanje Ku\u0107i\u0161te i okvir krila potpuno izra\u0111eni od nehr\u0111aju\u0107e"}},"product_brand":[],"product_cat":[59,24],"product_tag":[],"class_list":{"0":"post-6620","1":"product","2":"type-product","3":"status-publish","4":"has-post-thumbnail","6":"product_cat-kontrola-prilaza","7":"product_cat-proizvodi","8":"desktop-align-center","9":"tablet-align-center","10":"mobile-align-center","12":"first","13":"instock","14":"shipping-taxable","15":"product-type-simple"},"_links":{"self":[{"href":"https:\/\/rolovrata.com\/en\/wp-json\/wp\/v2\/product\/6620","targetHints":{"allow":["GET"]}}],"collection":[{"href":"https:\/\/rolovrata.com\/en\/wp-json\/wp\/v2\/product"}],"about":[{"href":"https:\/\/rolovrata.com\/en\/wp-json\/wp\/v2\/types\/product"}],"wp:featuredmedia":[{"embeddable":true,"href":"https:\/\/rolovrata.com\/en\/wp-json\/wp\/v2\/media\/7164"}],"wp:attachment":[{"href":"https:\/\/rolovrata.com\/en\/wp-json\/wp\/v2\/media?parent=6620"}],"wp:term":[{"taxonomy":"product_brand","embeddable":true,"href":"https:\/\/rolovrata.com\/en\/wp-json\/wp\/v2\/product_brand?post=6620"},{"taxonomy":"product_cat","embeddable":true,"href":"https:\/\/rolovrata.com\/en\/wp-json\/wp\/v2\/product_cat?post=6620"},{"taxonomy":"product_tag","embeddable":true,"href":"https:\/\/rolovrata.com\/en\/wp-json\/wp\/v2\/product_tag?post=6620"}],"curies":[{"name":"wp","href":"https:\/\/api.w.org\/{rel}","templated":true}]}}