{"id":6517,"date":"2023-08-29T17:23:39","date_gmt":"2023-08-29T15:23:39","guid":{"rendered":"https:\/\/dev.rolovrata.com\/?post_type=product&#038;p=6517"},"modified":"2023-09-27T16:16:15","modified_gmt":"2023-09-27T14:16:15","slug":"industrijska-resetkasta-vrata","status":"publish","type":"product","link":"https:\/\/rolovrata.com\/en\/product\/industrijska-resetkasta-vrata\/","title":{"rendered":"Industrial grille doors"},"content":{"rendered":"<h5>Technical specifications<\/h5>\n<p><img decoding=\"async\" class=\"alignnone size-full wp-image-6520 alignleft\" src=\"https:\/\/rolovrata.com\/wp-content\/uploads\/2023\/08\/n_2.jpg\" alt=\"Industrijska rolo vrata\" width=\"220\" height=\"165\" \/><\/p>\n<p>Double elements made of galvanized steel, filled with polyurethane, thickness 12\/22 mm, height 107 mm<br \/>\nStandard color: painted galvanized steel.<br \/>\nSemi-standard colors: RAL 8014, 9002, 9006, 9016.<br \/>\nSide guides made of galvanized steel, thickness 30\/10, with PVC seals for quiet and smooth sliding of the door.<br \/>\nMotorization \"with the presence of a person\" with a motor release mechanism.<\/p>\n<p>&nbsp;<\/p>\n<table>\n<tbody>\n<tr>\n<td>\n<figure><img decoding=\"async\" class=\"wp-image-6521 size-full\" src=\"https:\/\/rolovrata.com\/wp-content\/uploads\/2023\/08\/n_6.jpg\" alt=\"Bo\u010dne vodilice\" width=\"100\" height=\"107\" \/><figcaption>Side guides<\/figcaption><\/figure>\n<\/td>\n<td>\n<figure><img decoding=\"async\" class=\"wp-image-6522 size-full\" src=\"https:\/\/rolovrata.com\/wp-content\/uploads\/2023\/08\/n_5.jpg\" alt=\"Donja lamela s brtvom\" width=\"100\" height=\"133\" \/><figcaption>Bottom slat with seal<\/figcaption><\/figure>\n<\/td>\n<td>\n<figure><img loading=\"lazy\" decoding=\"async\" class=\"wp-image-6523 size-full\" src=\"https:\/\/rolovrata.com\/wp-content\/uploads\/2023\/08\/n_4.jpg\" alt=\"Specijalni bo\u010dni \u010depovi 'protiv udara'\" width=\"100\" height=\"107\" \/><figcaption>Special \"anti-impact\" side plugs<\/figcaption><\/figure>\n<\/td>\n<td>\n<figure><img loading=\"lazy\" decoding=\"async\" class=\"wp-image-6524 size-full\" src=\"https:\/\/rolovrata.com\/wp-content\/uploads\/2023\/08\/n_3.jpg\" alt=\"Na zahtjev\" width=\"120\" height=\"112\" \/><figcaption>Upon request<\/figcaption><\/figure>\n<\/td>\n<\/tr>\n<\/tbody>\n<\/table>","protected":false},"excerpt":{"rendered":"<p>Industrial roller doors are an ideal solution for closing large openings (approximately 12 meters in width). Their special construction with profiled elements is resistant to mechanical and weather-related factors, such as strong wind impacts and burglary protection, among others. They also offer excellent thermal insulation. The door body can be reinforced for added strength against high wind loads by installing side plugs and anti-storm guide rails.<\/p>","protected":false},"featured_media":6518,"template":"","meta":{"site-sidebar-layout":"default","site-content-layout":"","ast-site-content-layout":"default","site-content-style":"default","site-sidebar-style":"default","ast-global-header-display":"","ast-banner-title-visibility":"","ast-main-header-display":"","ast-hfb-above-header-display":"","ast-hfb-below-header-display":"","ast-hfb-mobile-header-display":"","site-post-title":"","ast-breadcrumbs-content":"","ast-featured-img":"","footer-sml-layout":"","ast-disable-related-posts":"","theme-transparent-header-meta":"default","adv-header-id-meta":"","stick-header-meta":"","header-above-stick-meta":"","header-main-stick-meta":"","header-below-stick-meta":"","astra-migrate-meta-layouts":"set","ast-page-background-enabled":"default","ast-page-background-meta":{"desktop":{"background-color":"","background-image":"","background-repeat":"repeat","background-position":"center center","background-size":"auto","background-attachment":"scroll","background-type":"","background-media":"","overlay-type":"","overlay-color":"","overlay-opacity":"","overlay-gradient":""},"tablet":{"background-color":"","background-image":"","background-repeat":"repeat","background-position":"center center","background-size":"auto","background-attachment":"scroll","background-type":"","background-media":"","overlay-type":"","overlay-color":"","overlay-opacity":"","overlay-gradient":""},"mobile":{"background-color":"","background-image":"","background-repeat":"repeat","background-position":"center center","background-size":"auto","background-attachment":"scroll","background-type":"","background-media":"","overlay-type":"","overlay-color":"","overlay-opacity":"","overlay-gradient":""}},"ast-content-background-meta":{"desktop":{"background-color":"var(--ast-global-color-5)","background-image":"","background-repeat":"repeat","background-position":"center center","background-size":"auto","background-attachment":"scroll","background-type":"","background-media":"","overlay-type":"","overlay-color":"","overlay-opacity":"","overlay-gradient":""},"tablet":{"background-color":"var(--ast-global-color-5)","background-image":"","background-repeat":"repeat","background-position":"center center","background-size":"auto","background-attachment":"scroll","background-type":"","background-media":"","overlay-type":"","overlay-color":"","overlay-opacity":"","overlay-gradient":""},"mobile":{"background-color":"var(--ast-global-color-5)","background-image":"","background-repeat":"repeat","background-position":"center center","background-size":"auto","background-attachment":"scroll","background-type":"","background-media":"","overlay-type":"","overlay-color":"","overlay-opacity":"","overlay-gradient":""}},"slim_seo":{"title":"Industrijska re\u0161etkasta vrata - ITALSERRANDE","description":"Industrijska rolo vrata idealno su rje\u0161enje za zatvaranje velikih otvora (cca 12 m \u0161irine). Posebna konstrukcija od profiliranih elemenata koja ne podlije\u017ee meh"}},"product_brand":[],"product_cat":[39,24],"product_tag":[56],"class_list":{"0":"post-6517","1":"product","2":"type-product","3":"status-publish","4":"has-post-thumbnail","6":"product_cat-industrijska-vrata","7":"product_cat-proizvodi","8":"product_tag-industrijska-rolo-vrata","9":"desktop-align-center","10":"tablet-align-center","11":"mobile-align-center","13":"first","14":"instock","15":"shipping-taxable","16":"product-type-simple"},"_links":{"self":[{"href":"https:\/\/rolovrata.com\/en\/wp-json\/wp\/v2\/product\/6517","targetHints":{"allow":["GET"]}}],"collection":[{"href":"https:\/\/rolovrata.com\/en\/wp-json\/wp\/v2\/product"}],"about":[{"href":"https:\/\/rolovrata.com\/en\/wp-json\/wp\/v2\/types\/product"}],"wp:featuredmedia":[{"embeddable":true,"href":"https:\/\/rolovrata.com\/en\/wp-json\/wp\/v2\/media\/6518"}],"wp:attachment":[{"href":"https:\/\/rolovrata.com\/en\/wp-json\/wp\/v2\/media?parent=6517"}],"wp:term":[{"taxonomy":"product_brand","embeddable":true,"href":"https:\/\/rolovrata.com\/en\/wp-json\/wp\/v2\/product_brand?post=6517"},{"taxonomy":"product_cat","embeddable":true,"href":"https:\/\/rolovrata.com\/en\/wp-json\/wp\/v2\/product_cat?post=6517"},{"taxonomy":"product_tag","embeddable":true,"href":"https:\/\/rolovrata.com\/en\/wp-json\/wp\/v2\/product_tag?post=6517"}],"curies":[{"name":"wp","href":"https:\/\/api.w.org\/{rel}","templated":true}]}}