{"id":6487,"date":"2023-08-28T17:29:48","date_gmt":"2023-08-28T15:29:48","guid":{"rendered":"https:\/\/dev.rolovrata.com\/?post_type=product&#038;p=6487"},"modified":"2023-09-27T15:58:08","modified_gmt":"2023-09-27T13:58:08","slug":"rolovrata-motorizacija-2","status":"publish","type":"product","link":"https:\/\/rolovrata.com\/en\/product\/rolovrata-motorizacija-2\/","title":{"rendered":"Roller shutter doors - motorization"},"content":{"rendered":"<h5>Methods of control<\/h5>\n<table>\n<tbody>\n<tr>\n<td>\n<figure><img decoding=\"async\" class=\"wp-image-6489 size-full\" src=\"https:\/\/rolovrata.com\/wp-content\/uploads\/2023\/08\/kolaz-4-1.jpg\" alt=\"Selektor na klju\u010d\/blindino\" width=\"139\" height=\"49\" \/><figcaption>With the presence of a person<br \/>\nKey selector \/ push-button \/ low voltage<\/figcaption><\/figure>\n<\/td>\n<td>\n<figure><img decoding=\"async\" class=\"wp-image-6490 size-full\" src=\"https:\/\/rolovrata.com\/wp-content\/uploads\/2023\/08\/kolaz-5-Copy.jpg\" alt=\"Selektor na klju\u010d ili blindino\" width=\"146\" height=\"49\" \/><figcaption>\"Remote control\"<br \/>\nKey selector or control panel<br \/> with a remote control receiver<\/figcaption><\/figure>\n<\/td>\n<td>\n<figure><img decoding=\"async\" class=\"wp-image-6491 size-full\" src=\"https:\/\/rolovrata.com\/wp-content\/uploads\/2023\/08\/kolaz-4-Copy.jpg\" alt=\"Svjetlosni ozna\u010diva\u010d foto\u0107elije\" width=\"141\" height=\"49\" \/><figcaption>Custom order accessories:<br \/>\nLight indicator for photocells<br \/>\nInterior switch<\/figcaption><\/figure>\n<\/td>\n<\/tr>\n<\/tbody>\n<\/table>","protected":false},"excerpt":{"rendered":"<p><strong>Central motor with auxiliary springs<\/strong><br \/>\nCentral motor with auxiliary springs\nMotorization with auxiliary springs is recommended for small and medium-sized doors, with approximately 7-8 openings\/closings per day. It is equipped with an electromagnetic brake with the ability to release it from both the inside and the outside.<\/p>\n<p><strong>Side motor<\/strong><br \/>\nA single-phase or three-phase side motor is mounted on the wall and directly drives the shaft without the assistance of springs. It is recommended for large-sized roller shutter doors (more than 16 m2) and in cases of frequent openings. It is equipped with a safety brake to lock the roller shutter in case of motor stoppage, and an internal release in case of power failure.<\/p>\n<p>External motor release is available upon request.<\/p>","protected":false},"featured_media":6488,"template":"","meta":{"site-sidebar-layout":"default","site-content-layout":"","ast-site-content-layout":"default","site-content-style":"default","site-sidebar-style":"default","ast-global-header-display":"","ast-banner-title-visibility":"","ast-main-header-display":"","ast-hfb-above-header-display":"","ast-hfb-below-header-display":"","ast-hfb-mobile-header-display":"","site-post-title":"","ast-breadcrumbs-content":"","ast-featured-img":"","footer-sml-layout":"","ast-disable-related-posts":"","theme-transparent-header-meta":"default","adv-header-id-meta":"","stick-header-meta":"","header-above-stick-meta":"","header-main-stick-meta":"","header-below-stick-meta":"","astra-migrate-meta-layouts":"set","ast-page-background-enabled":"default","ast-page-background-meta":{"desktop":{"background-color":"","background-image":"","background-repeat":"repeat","background-position":"center center","background-size":"auto","background-attachment":"scroll","background-type":"","background-media":"","overlay-type":"","overlay-color":"","overlay-opacity":"","overlay-gradient":""},"tablet":{"background-color":"","background-image":"","background-repeat":"repeat","background-position":"center center","background-size":"auto","background-attachment":"scroll","background-type":"","background-media":"","overlay-type":"","overlay-color":"","overlay-opacity":"","overlay-gradient":""},"mobile":{"background-color":"","background-image":"","background-repeat":"repeat","background-position":"center center","background-size":"auto","background-attachment":"scroll","background-type":"","background-media":"","overlay-type":"","overlay-color":"","overlay-opacity":"","overlay-gradient":""}},"ast-content-background-meta":{"desktop":{"background-color":"var(--ast-global-color-5)","background-image":"","background-repeat":"repeat","background-position":"center center","background-size":"auto","background-attachment":"scroll","background-type":"","background-media":"","overlay-type":"","overlay-color":"","overlay-opacity":"","overlay-gradient":""},"tablet":{"background-color":"var(--ast-global-color-5)","background-image":"","background-repeat":"repeat","background-position":"center center","background-size":"auto","background-attachment":"scroll","background-type":"","background-media":"","overlay-type":"","overlay-color":"","overlay-opacity":"","overlay-gradient":""},"mobile":{"background-color":"var(--ast-global-color-5)","background-image":"","background-repeat":"repeat","background-position":"center center","background-size":"auto","background-attachment":"scroll","background-type":"","background-media":"","overlay-type":"","overlay-color":"","overlay-opacity":"","overlay-gradient":""}},"slim_seo":{"title":"Rolovrata - motorizacija - ITALSERRANDE","description":"Centralni motor s pomo\u0107nim oprugama Motorizacija s pomo\u0107nim oprugama preporu\u010da se za vrata malih i srednjih dimenzija, s cca 7 - 8 otvaranja \/ zatvaranja na dan"}},"product_brand":[],"product_cat":[25,24,36],"product_tag":[],"class_list":{"0":"post-6487","1":"product","2":"type-product","3":"status-publish","4":"has-post-thumbnail","6":"product_cat-motorizacija","7":"product_cat-proizvodi","8":"product_cat-resetkasta-rolovrata","9":"desktop-align-center","10":"tablet-align-center","11":"mobile-align-center","13":"first","14":"instock","15":"shipping-taxable","16":"product-type-simple"},"_links":{"self":[{"href":"https:\/\/rolovrata.com\/en\/wp-json\/wp\/v2\/product\/6487","targetHints":{"allow":["GET"]}}],"collection":[{"href":"https:\/\/rolovrata.com\/en\/wp-json\/wp\/v2\/product"}],"about":[{"href":"https:\/\/rolovrata.com\/en\/wp-json\/wp\/v2\/types\/product"}],"wp:featuredmedia":[{"embeddable":true,"href":"https:\/\/rolovrata.com\/en\/wp-json\/wp\/v2\/media\/6488"}],"wp:attachment":[{"href":"https:\/\/rolovrata.com\/en\/wp-json\/wp\/v2\/media?parent=6487"}],"wp:term":[{"taxonomy":"product_brand","embeddable":true,"href":"https:\/\/rolovrata.com\/en\/wp-json\/wp\/v2\/product_brand?post=6487"},{"taxonomy":"product_cat","embeddable":true,"href":"https:\/\/rolovrata.com\/en\/wp-json\/wp\/v2\/product_cat?post=6487"},{"taxonomy":"product_tag","embeddable":true,"href":"https:\/\/rolovrata.com\/en\/wp-json\/wp\/v2\/product_tag?post=6487"}],"curies":[{"name":"wp","href":"https:\/\/api.w.org\/{rel}","templated":true}]}}