{"id":6460,"date":"2023-08-25T13:40:35","date_gmt":"2023-08-25T11:40:35","guid":{"rendered":"https:\/\/dev.rolovrata.com\/?post_type=product&#038;p=6460"},"modified":"2023-09-27T15:59:51","modified_gmt":"2023-09-27T13:59:51","slug":"profili-za-zastitu-od-vremenskih-nepogoda","status":"publish","type":"product","link":"https:\/\/rolovrata.com\/en\/product\/profili-za-zastitu-od-vremenskih-nepogoda\/","title":{"rendered":"Weatherproofing profiles"},"content":{"rendered":"<table>\n<tbody>\n<tr>\n<td align=\"center\" valign=\"top\"><img decoding=\"async\" class=\"wp-image-6462 size-thumbnail\" src=\"https:\/\/rolovrata.com\/wp-content\/uploads\/2023\/08\/sfa-150x150.jpg\" alt=\"Izbo\u010den perforirani profili - za\u0161tita protiv udara vjetra\" width=\"150\" height=\"150\" srcset=\"https:\/\/rolovrata.com\/wp-content\/uploads\/2023\/08\/sfa-150x150.jpg 150w, https:\/\/rolovrata.com\/wp-content\/uploads\/2023\/08\/sfa-300x300.jpg 300w, https:\/\/rolovrata.com\/wp-content\/uploads\/2023\/08\/sfa-100x100.jpg 100w\" sizes=\"(max-width: 150px) 100vw, 150px\" \/><\/p>\n<p><strong>Type SF-A - Raised perforated profiles - wind impact protection thickness 10\/10<\/strong><\/td>\n<td align=\"center\" valign=\"top\"><img decoding=\"async\" class=\"wp-image-6461\" src=\"https:\/\/rolovrata.com\/wp-content\/uploads\/2023\/08\/sam.jpg\" alt=\"Izbo\u010den puni profili- za\u0161tita protiv udara vjetra debljine\" width=\"150\" height=\"158\" \/><\/p>\n<p><strong>Type SA - Raised solid profiles - wind impact protection thickness 8-10-12\/1<\/strong><\/td>\n<\/tr>\n<\/tbody>\n<\/table>","protected":false},"excerpt":{"rendered":"<p>Corrugated profiles for weather protection, either solid (SA) or perforated (SF-A), are designed for the construction of industrial roller shutter doors, for closing large openings or those particularly exposed to wind impact.<br \/>\nThe profile height is 9.7 cm. The doors are custom-made to measure.<br \/>\nMaterial: Galvanized steel<br \/>\nSpecial custom-order materials: Stainless steel and aluminum.<br \/>\nOption: Painting the doors in RAL colors.<\/p>","protected":false},"featured_media":6463,"template":"","meta":{"site-sidebar-layout":"default","site-content-layout":"","ast-site-content-layout":"default","site-content-style":"default","site-sidebar-style":"default","ast-global-header-display":"","ast-banner-title-visibility":"","ast-main-header-display":"","ast-hfb-above-header-display":"","ast-hfb-below-header-display":"","ast-hfb-mobile-header-display":"","site-post-title":"","ast-breadcrumbs-content":"","ast-featured-img":"","footer-sml-layout":"","ast-disable-related-posts":"","theme-transparent-header-meta":"default","adv-header-id-meta":"","stick-header-meta":"","header-above-stick-meta":"","header-main-stick-meta":"","header-below-stick-meta":"","astra-migrate-meta-layouts":"set","ast-page-background-enabled":"default","ast-page-background-meta":{"desktop":{"background-color":"","background-image":"","background-repeat":"repeat","background-position":"center center","background-size":"auto","background-attachment":"scroll","background-type":"","background-media":"","overlay-type":"","overlay-color":"","overlay-opacity":"","overlay-gradient":""},"tablet":{"background-color":"","background-image":"","background-repeat":"repeat","background-position":"center center","background-size":"auto","background-attachment":"scroll","background-type":"","background-media":"","overlay-type":"","overlay-color":"","overlay-opacity":"","overlay-gradient":""},"mobile":{"background-color":"","background-image":"","background-repeat":"repeat","background-position":"center center","background-size":"auto","background-attachment":"scroll","background-type":"","background-media":"","overlay-type":"","overlay-color":"","overlay-opacity":"","overlay-gradient":""}},"ast-content-background-meta":{"desktop":{"background-color":"var(--ast-global-color-5)","background-image":"","background-repeat":"repeat","background-position":"center center","background-size":"auto","background-attachment":"scroll","background-type":"","background-media":"","overlay-type":"","overlay-color":"","overlay-opacity":"","overlay-gradient":""},"tablet":{"background-color":"var(--ast-global-color-5)","background-image":"","background-repeat":"repeat","background-position":"center center","background-size":"auto","background-attachment":"scroll","background-type":"","background-media":"","overlay-type":"","overlay-color":"","overlay-opacity":"","overlay-gradient":""},"mobile":{"background-color":"var(--ast-global-color-5)","background-image":"","background-repeat":"repeat","background-position":"center center","background-size":"auto","background-attachment":"scroll","background-type":"","background-media":"","overlay-type":"","overlay-color":"","overlay-opacity":"","overlay-gradient":""}},"slim_seo":{"title":"Profili za za\u0161titu od vremenskih nepogoda - ITALSERRANDE","description":"Valoviti profili za za\u0161titu od vremenskih neprilika, puni (SA) ili perforirani (SF-A) su predvi\u0111eni za izradu industrijskih rolovrata, za zatvaranje otvora veli"}},"product_brand":[],"product_cat":[24,35],"product_tag":[],"class_list":{"0":"post-6460","1":"product","2":"type-product","3":"status-publish","4":"has-post-thumbnail","6":"product_cat-proizvodi","7":"product_cat-rolovrata-puni-profili","8":"desktop-align-center","9":"tablet-align-center","10":"mobile-align-center","12":"first","13":"instock","14":"shipping-taxable","15":"product-type-simple"},"_links":{"self":[{"href":"https:\/\/rolovrata.com\/en\/wp-json\/wp\/v2\/product\/6460","targetHints":{"allow":["GET"]}}],"collection":[{"href":"https:\/\/rolovrata.com\/en\/wp-json\/wp\/v2\/product"}],"about":[{"href":"https:\/\/rolovrata.com\/en\/wp-json\/wp\/v2\/types\/product"}],"wp:featuredmedia":[{"embeddable":true,"href":"https:\/\/rolovrata.com\/en\/wp-json\/wp\/v2\/media\/6463"}],"wp:attachment":[{"href":"https:\/\/rolovrata.com\/en\/wp-json\/wp\/v2\/media?parent=6460"}],"wp:term":[{"taxonomy":"product_brand","embeddable":true,"href":"https:\/\/rolovrata.com\/en\/wp-json\/wp\/v2\/product_brand?post=6460"},{"taxonomy":"product_cat","embeddable":true,"href":"https:\/\/rolovrata.com\/en\/wp-json\/wp\/v2\/product_cat?post=6460"},{"taxonomy":"product_tag","embeddable":true,"href":"https:\/\/rolovrata.com\/en\/wp-json\/wp\/v2\/product_tag?post=6460"}],"curies":[{"name":"wp","href":"https:\/\/api.w.org\/{rel}","templated":true}]}}