{"id":6451,"date":"2023-08-24T21:54:11","date_gmt":"2023-08-24T19:54:11","guid":{"rendered":"https:\/\/dev.rolovrata.com\/?post_type=product&#038;p=6451"},"modified":"2023-08-25T14:42:31","modified_gmt":"2023-08-25T12:42:31","slug":"ravni-profili","status":"publish","type":"product","link":"https:\/\/rolovrata.com\/en\/product\/ravni-profili\/","title":{"rendered":"Flat profiles"},"content":{"rendered":"<p>&nbsp;<\/p>\n<h6>POSSIBILITY OF COMBINING DIFFERENT SLATS<\/h6>\n<table>\n<tbody>\n<tr>\n<td align=\"center\" valign=\"middle\"><strong>Type SR - Solid slat with ribbed surface, thickness 8-10-12\/10<\/strong><\/p>\n<p><img decoding=\"async\" class=\"wp-image-6454\" src=\"https:\/\/dev.rolovrata.com\/wp-content\/uploads\/2023\/08\/rp1-291x300.jpg\" alt=\"Puna lamela s rebrastom povr\u0161inom\" width=\"142\" height=\"147\" srcset=\"https:\/\/rolovrata.com\/wp-content\/uploads\/2023\/08\/rp1-291x300.jpg 291w, https:\/\/rolovrata.com\/wp-content\/uploads\/2023\/08\/rp1.jpg 372w\" sizes=\"(max-width: 142px) 100vw, 142px\" \/><\/td>\n<td align=\"center\" valign=\"middle\"><strong>Type SL - Solid slat with smooth surface, thickness 8-10-12\/10<\/strong><\/p>\n<p><img decoding=\"async\" class=\"wp-image-6455 size-thumbnail\" src=\"https:\/\/dev.rolovrata.com\/wp-content\/uploads\/2023\/08\/rp2-150x150.jpg\" alt=\"Puna lamela s glatkom povr\u0161inom\" width=\"150\" height=\"150\" srcset=\"https:\/\/rolovrata.com\/wp-content\/uploads\/2023\/08\/rp2-150x150.jpg 150w, https:\/\/rolovrata.com\/wp-content\/uploads\/2023\/08\/rp2-300x300.jpg 300w, https:\/\/rolovrata.com\/wp-content\/uploads\/2023\/08\/rp2-100x100.jpg 100w\" sizes=\"(max-width: 150px) 100vw, 150px\" \/><\/td>\n<td align=\"center\" valign=\"middle\"><strong>Type SF - Perforated slat, thickness 8-10-12\/10<\/strong><\/p>\n<p><img decoding=\"async\" class=\"wp-image-6458 size-thumbnail\" src=\"https:\/\/dev.rolovrata.com\/wp-content\/uploads\/2023\/08\/rp4-150x150.jpg\" alt=\"Perforirana lamela\" width=\"150\" height=\"150\" srcset=\"https:\/\/rolovrata.com\/wp-content\/uploads\/2023\/08\/rp4-150x150.jpg 150w, https:\/\/rolovrata.com\/wp-content\/uploads\/2023\/08\/rp4-300x300.jpg 300w, https:\/\/rolovrata.com\/wp-content\/uploads\/2023\/08\/rp4-100x100.jpg 100w\" sizes=\"(max-width: 150px) 100vw, 150px\" \/><\/td>\n<td align=\"center\" valign=\"middle\"><strong>Custom order: Elements with ventilation openings<\/strong><\/p>\n<p><img loading=\"lazy\" decoding=\"async\" class=\"wp-image-6456 size-thumbnail\" src=\"https:\/\/dev.rolovrata.com\/wp-content\/uploads\/2023\/08\/rp3-150x150.jpg\" alt=\"Elementi s otvorima za zra\u010denje\" width=\"150\" height=\"150\" srcset=\"https:\/\/rolovrata.com\/wp-content\/uploads\/2023\/08\/rp3-150x150.jpg 150w, https:\/\/rolovrata.com\/wp-content\/uploads\/2023\/08\/rp3-300x300.jpg 300w, https:\/\/rolovrata.com\/wp-content\/uploads\/2023\/08\/rp3-100x100.jpg 100w\" sizes=\"(max-width: 150px) 100vw, 150px\" \/><\/td>\n<\/tr>\n<\/tbody>\n<\/table>","protected":false},"excerpt":{"rendered":"<p>Roller shutter doors composed of flat slats made of galvanized steel with a smooth (SL) or ribbed (SR) and perforated (SF) surface are a common and cost-effective solution for protecting medium and small openings. The doors are custom-made to measure.<br \/>\nMaterial: Galvanized steel<br \/>\nSpecial custom-order materials: Stainless steel and aluminum.<br \/>\nOption: Painting the doors in RAL colors.<\/p>","protected":false},"featured_media":6474,"template":"","meta":{"site-sidebar-layout":"default","site-content-layout":"","ast-site-content-layout":"default","site-content-style":"default","site-sidebar-style":"default","ast-global-header-display":"","ast-banner-title-visibility":"","ast-main-header-display":"","ast-hfb-above-header-display":"","ast-hfb-below-header-display":"","ast-hfb-mobile-header-display":"","site-post-title":"","ast-breadcrumbs-content":"","ast-featured-img":"","footer-sml-layout":"","ast-disable-related-posts":"","theme-transparent-header-meta":"default","adv-header-id-meta":"","stick-header-meta":"","header-above-stick-meta":"","header-main-stick-meta":"","header-below-stick-meta":"","astra-migrate-meta-layouts":"set","ast-page-background-enabled":"default","ast-page-background-meta":{"desktop":{"background-color":"","background-image":"","background-repeat":"repeat","background-position":"center center","background-size":"auto","background-attachment":"scroll","background-type":"","background-media":"","overlay-type":"","overlay-color":"","overlay-opacity":"","overlay-gradient":""},"tablet":{"background-color":"","background-image":"","background-repeat":"repeat","background-position":"center center","background-size":"auto","background-attachment":"scroll","background-type":"","background-media":"","overlay-type":"","overlay-color":"","overlay-opacity":"","overlay-gradient":""},"mobile":{"background-color":"","background-image":"","background-repeat":"repeat","background-position":"center center","background-size":"auto","background-attachment":"scroll","background-type":"","background-media":"","overlay-type":"","overlay-color":"","overlay-opacity":"","overlay-gradient":""}},"ast-content-background-meta":{"desktop":{"background-color":"var(--ast-global-color-5)","background-image":"","background-repeat":"repeat","background-position":"center center","background-size":"auto","background-attachment":"scroll","background-type":"","background-media":"","overlay-type":"","overlay-color":"","overlay-opacity":"","overlay-gradient":""},"tablet":{"background-color":"var(--ast-global-color-5)","background-image":"","background-repeat":"repeat","background-position":"center center","background-size":"auto","background-attachment":"scroll","background-type":"","background-media":"","overlay-type":"","overlay-color":"","overlay-opacity":"","overlay-gradient":""},"mobile":{"background-color":"var(--ast-global-color-5)","background-image":"","background-repeat":"repeat","background-position":"center center","background-size":"auto","background-attachment":"scroll","background-type":"","background-media":"","overlay-type":"","overlay-color":"","overlay-opacity":"","overlay-gradient":""}},"slim_seo":{"title":"Ravni profili - ITALSERRANDE","description":"Rolovrata sastavljena od ravnih lamela izra\u0111ena od pocin\u010danog \u010delika s glatkom (SL) ili rebrastom (SR) te perforiranom (SF) povr\u0161inom uobi\u010dajeno su i najeftinij"}},"product_brand":[],"product_cat":[24,35],"product_tag":[48],"class_list":{"0":"post-6451","1":"product","2":"type-product","3":"status-publish","4":"has-post-thumbnail","6":"product_cat-proizvodi","7":"product_cat-rolovrata-puni-profili","8":"product_tag-ravni-profili","9":"desktop-align-center","10":"tablet-align-center","11":"mobile-align-center","13":"first","14":"instock","15":"shipping-taxable","16":"product-type-simple"},"_links":{"self":[{"href":"https:\/\/rolovrata.com\/en\/wp-json\/wp\/v2\/product\/6451","targetHints":{"allow":["GET"]}}],"collection":[{"href":"https:\/\/rolovrata.com\/en\/wp-json\/wp\/v2\/product"}],"about":[{"href":"https:\/\/rolovrata.com\/en\/wp-json\/wp\/v2\/types\/product"}],"wp:featuredmedia":[{"embeddable":true,"href":"https:\/\/rolovrata.com\/en\/wp-json\/wp\/v2\/media\/6474"}],"wp:attachment":[{"href":"https:\/\/rolovrata.com\/en\/wp-json\/wp\/v2\/media?parent=6451"}],"wp:term":[{"taxonomy":"product_brand","embeddable":true,"href":"https:\/\/rolovrata.com\/en\/wp-json\/wp\/v2\/product_brand?post=6451"},{"taxonomy":"product_cat","embeddable":true,"href":"https:\/\/rolovrata.com\/en\/wp-json\/wp\/v2\/product_cat?post=6451"},{"taxonomy":"product_tag","embeddable":true,"href":"https:\/\/rolovrata.com\/en\/wp-json\/wp\/v2\/product_tag?post=6451"}],"curies":[{"name":"wp","href":"https:\/\/api.w.org\/{rel}","templated":true}]}}