{"id":6445,"date":"2023-08-24T21:01:48","date_gmt":"2023-08-24T19:01:48","guid":{"rendered":"https:\/\/dev.rolovrata.com\/?post_type=product&#038;p=6445"},"modified":"2023-09-27T17:07:06","modified_gmt":"2023-09-27T15:07:06","slug":"kompleti-za-motorizaciju-dvokrilnih-i-kliznih-vrata","status":"publish","type":"product","link":"https:\/\/rolovrata.com\/en\/product\/kompleti-za-motorizaciju-dvokrilnih-i-kliznih-vrata\/","title":{"rendered":"Kits for motorizing double-wing and sliding doors"},"content":{"rendered":"<p><strong>KSL500 - Electromechanical motor for sliding gates<\/strong><\/p>\n<p>Electromechanical 230V motor for sliding gates with a weight capacity of up to 500 kg.<br \/>\nComplete with mechanical assembly accessories. Cast aluminum body.<br \/>\nThe kit also includes an integrated electronic control unit LRS (new model) 2102, two BeHappy RS2 transmitters (new model), and a pair of IR \/ IT 2135 photocells (new model).<\/p>\n<p><img fetchpriority=\"high\" decoding=\"async\" class=\"alignnone size-medium wp-image-6446\" src=\"https:\/\/rolovrata.com\/wp-content\/uploads\/2023\/08\/ksl500-img1-1-300x253.jpg\" alt=\"ksl500\" width=\"300\" height=\"253\" srcset=\"https:\/\/rolovrata.com\/wp-content\/uploads\/2023\/08\/ksl500-img1-1-300x253.jpg 300w, https:\/\/rolovrata.com\/wp-content\/uploads\/2023\/08\/ksl500-img1-1-1024x862.jpg 1024w, https:\/\/rolovrata.com\/wp-content\/uploads\/2023\/08\/ksl500-img1-1-768x647.jpg 768w, https:\/\/rolovrata.com\/wp-content\/uploads\/2023\/08\/ksl500-img1-1-600x505.jpg 600w, https:\/\/rolovrata.com\/wp-content\/uploads\/2023\/08\/ksl500-img1-1.jpg 1140w\" sizes=\"(max-width: 300px) 100vw, 300px\" \/><\/p>\n<p><img decoding=\"async\" class=\"alignnone size-medium wp-image-6448\" src=\"https:\/\/rolovrata.com\/wp-content\/uploads\/2023\/08\/ksl500-set-300x101.gif\" alt=\"ksl-500-set\" width=\"300\" height=\"101\" srcset=\"https:\/\/rolovrata.com\/wp-content\/uploads\/2023\/08\/ksl500-set-300x101.gif 300w, https:\/\/rolovrata.com\/wp-content\/uploads\/2023\/08\/ksl500-set-1024x344.gif 1024w, https:\/\/rolovrata.com\/wp-content\/uploads\/2023\/08\/ksl500-set-768x258.gif 768w, https:\/\/rolovrata.com\/wp-content\/uploads\/2023\/08\/ksl500-set-600x202.gif 600w\" sizes=\"(max-width: 300px) 100vw, 300px\" \/><\/p>","protected":false},"excerpt":{"rendered":"<p><strong>KSW400 - Electromechanical motor for swing gates<\/strong><\/p>\n<p>Electromechanical 230V motor for swing gates up to 3 meters.<br \/>\nFor household use.<br \/>\nThe kit also includes an electronic control unit, model 2150 LRS (new model) for outdoor use, two BeHappy RS2 transmitters (new model), and a pair of IR \/ IT 2135 photocells (new model)<\/p>\n<p><img decoding=\"async\" class=\"alignnone size-medium wp-image-6447\" src=\"https:\/\/rolovrata.com\/wp-content\/uploads\/2023\/08\/ksw400-img1-300x248.jpg\" alt=\"ksw400\" width=\"300\" height=\"248\" srcset=\"https:\/\/rolovrata.com\/wp-content\/uploads\/2023\/08\/ksw400-img1-300x248.jpg 300w, https:\/\/rolovrata.com\/wp-content\/uploads\/2023\/08\/ksw400-img1-1024x847.jpg 1024w, https:\/\/rolovrata.com\/wp-content\/uploads\/2023\/08\/ksw400-img1-768x635.jpg 768w, https:\/\/rolovrata.com\/wp-content\/uploads\/2023\/08\/ksw400-img1-600x496.jpg 600w, https:\/\/rolovrata.com\/wp-content\/uploads\/2023\/08\/ksw400-img1.jpg 1140w\" sizes=\"(max-width: 300px) 100vw, 300px\" \/><\/p>\n<p><img decoding=\"async\" class=\"alignnone size-medium wp-image-6448\" src=\"https:\/\/rolovrata.com\/wp-content\/uploads\/2023\/08\/ksl500-set-300x101.gif\" alt=\"ksl-500-set\" width=\"300\" height=\"101\" srcset=\"https:\/\/rolovrata.com\/wp-content\/uploads\/2023\/08\/ksl500-set-300x101.gif 300w, https:\/\/rolovrata.com\/wp-content\/uploads\/2023\/08\/ksl500-set-1024x344.gif 1024w, https:\/\/rolovrata.com\/wp-content\/uploads\/2023\/08\/ksl500-set-768x258.gif 768w, https:\/\/rolovrata.com\/wp-content\/uploads\/2023\/08\/ksl500-set-600x202.gif 600w\" sizes=\"(max-width: 300px) 100vw, 300px\" \/> <img loading=\"lazy\" decoding=\"async\" class=\"alignnone size-medium wp-image-6449\" src=\"https:\/\/rolovrata.com\/wp-content\/uploads\/2023\/08\/ksw400-set-300x78.gif\" alt=\"ksw-400-set\" width=\"300\" height=\"78\" srcset=\"https:\/\/rolovrata.com\/wp-content\/uploads\/2023\/08\/ksw400-set-300x78.gif 300w, https:\/\/rolovrata.com\/wp-content\/uploads\/2023\/08\/ksw400-set-1024x268.gif 1024w, https:\/\/rolovrata.com\/wp-content\/uploads\/2023\/08\/ksw400-set-768x201.gif 768w, https:\/\/rolovrata.com\/wp-content\/uploads\/2023\/08\/ksw400-set-600x157.gif 600w\" sizes=\"(max-width: 300px) 100vw, 300px\" \/><\/p>\n<p>&nbsp;<\/p>","protected":false},"featured_media":6459,"template":"","meta":{"site-sidebar-layout":"default","site-content-layout":"","ast-site-content-layout":"default","site-content-style":"default","site-sidebar-style":"default","ast-global-header-display":"","ast-banner-title-visibility":"","ast-main-header-display":"","ast-hfb-above-header-display":"","ast-hfb-below-header-display":"","ast-hfb-mobile-header-display":"","site-post-title":"","ast-breadcrumbs-content":"","ast-featured-img":"","footer-sml-layout":"","ast-disable-related-posts":"","theme-transparent-header-meta":"default","adv-header-id-meta":"","stick-header-meta":"","header-above-stick-meta":"","header-main-stick-meta":"","header-below-stick-meta":"","astra-migrate-meta-layouts":"set","ast-page-background-enabled":"default","ast-page-background-meta":{"desktop":{"background-color":"","background-image":"","background-repeat":"repeat","background-position":"center center","background-size":"auto","background-attachment":"scroll","background-type":"","background-media":"","overlay-type":"","overlay-color":"","overlay-opacity":"","overlay-gradient":""},"tablet":{"background-color":"","background-image":"","background-repeat":"repeat","background-position":"center center","background-size":"auto","background-attachment":"scroll","background-type":"","background-media":"","overlay-type":"","overlay-color":"","overlay-opacity":"","overlay-gradient":""},"mobile":{"background-color":"","background-image":"","background-repeat":"repeat","background-position":"center center","background-size":"auto","background-attachment":"scroll","background-type":"","background-media":"","overlay-type":"","overlay-color":"","overlay-opacity":"","overlay-gradient":""}},"ast-content-background-meta":{"desktop":{"background-color":"var(--ast-global-color-5)","background-image":"","background-repeat":"repeat","background-position":"center center","background-size":"auto","background-attachment":"scroll","background-type":"","background-media":"","overlay-type":"","overlay-color":"","overlay-opacity":"","overlay-gradient":""},"tablet":{"background-color":"var(--ast-global-color-5)","background-image":"","background-repeat":"repeat","background-position":"center center","background-size":"auto","background-attachment":"scroll","background-type":"","background-media":"","overlay-type":"","overlay-color":"","overlay-opacity":"","overlay-gradient":""},"mobile":{"background-color":"var(--ast-global-color-5)","background-image":"","background-repeat":"repeat","background-position":"center center","background-size":"auto","background-attachment":"scroll","background-type":"","background-media":"","overlay-type":"","overlay-color":"","overlay-opacity":"","overlay-gradient":""}},"slim_seo":{"title":"Kompleti za motorizaciju dvokrilnih i kliznih vrata - ITALSERRANDE","description":"KSW400 - Elektromehani\u010dki motor za krilna vrata Elektromehani\u010dki motor 230V za krilna vrata do 3 metra. Za ku\u0107nu upotrebu. Komplet sadr\u017ei i elektronsku upravlja"}},"product_brand":[],"product_cat":[25],"product_tag":[47],"class_list":{"0":"post-6445","1":"product","2":"type-product","3":"status-publish","4":"has-post-thumbnail","6":"product_cat-motorizacija","7":"product_tag-elektromehanicki-motor-za-klizna-vrata","8":"desktop-align-center","9":"tablet-align-center","10":"mobile-align-center","12":"first","13":"instock","14":"shipping-taxable","15":"product-type-simple"},"_links":{"self":[{"href":"https:\/\/rolovrata.com\/en\/wp-json\/wp\/v2\/product\/6445","targetHints":{"allow":["GET"]}}],"collection":[{"href":"https:\/\/rolovrata.com\/en\/wp-json\/wp\/v2\/product"}],"about":[{"href":"https:\/\/rolovrata.com\/en\/wp-json\/wp\/v2\/types\/product"}],"wp:featuredmedia":[{"embeddable":true,"href":"https:\/\/rolovrata.com\/en\/wp-json\/wp\/v2\/media\/6459"}],"wp:attachment":[{"href":"https:\/\/rolovrata.com\/en\/wp-json\/wp\/v2\/media?parent=6445"}],"wp:term":[{"taxonomy":"product_brand","embeddable":true,"href":"https:\/\/rolovrata.com\/en\/wp-json\/wp\/v2\/product_brand?post=6445"},{"taxonomy":"product_cat","embeddable":true,"href":"https:\/\/rolovrata.com\/en\/wp-json\/wp\/v2\/product_cat?post=6445"},{"taxonomy":"product_tag","embeddable":true,"href":"https:\/\/rolovrata.com\/en\/wp-json\/wp\/v2\/product_tag?post=6445"}],"curies":[{"name":"wp","href":"https:\/\/api.w.org\/{rel}","templated":true}]}}