{"id":6339,"date":"2023-08-15T20:23:22","date_gmt":"2023-08-15T18:23:22","guid":{"rendered":"https:\/\/dev.rolovrata.com\/?post_type=product&#038;p=6339"},"modified":"2023-10-13T05:14:25","modified_gmt":"2023-10-13T03:14:25","slug":"garazna-vrata-sc-poliuretan","status":"publish","type":"product","link":"https:\/\/rolovrata.com\/en\/product\/garazna-vrata-sc-poliuretan\/","title":{"rendered":"Garage doors SC Polyurethane"},"content":{"rendered":"<h3>\u00a0 Ceiling-mounted system<\/h3>\n<p><img decoding=\"async\" class=\"alignnone size-full wp-image-6341\" src=\"https:\/\/rolovrata.com\/wp-content\/uploads\/2023\/08\/is.jpg\" alt=\"Sistem na rolanje\" width=\"240\" height=\"137\" \/><\/p>\n<h6>Motorization<\/h6>\n<p>Central motor with auxiliary springs<br \/>\nMotor built into the shaft with auxiliary operation.<\/p>\n<h6>Installation<\/h6>\n<p><img decoding=\"async\" class=\"alignnone size-full wp-image-6351\" src=\"https:\/\/rolovrata.com\/wp-content\/uploads\/2023\/08\/mont1.gif\" alt=\"Monta\u017ea\" width=\"240\" height=\"167\" \/><\/p>\n<p>&nbsp;<\/p>\n<h3>Rolling system<\/h3>\n<p><img decoding=\"async\" class=\"alignnone size-full wp-image-6340\" style=\"font-style: inherit; font-weight: inherit;\" src=\"https:\/\/rolovrata.com\/wp-content\/uploads\/2023\/08\/sr.jpg\" alt=\"Sistem na rolanje\" width=\"240\" height=\"139\" \/><\/p>\n<h6>Motorization<\/h6>\n<p>A motor (220V single-phase) for ceiling-mounted installation, with a control panel, receiver, remote control, and a complete mechanism for securing the door against accidental dropping. The kit also includes a handle for internal motor release in case of power outage. Ceiling-mounted motor is recommended for doors up to a maximum size of 3.5 x 2.5 meters.<\/p>\n<h6>Installation<\/h6>\n<p><img loading=\"lazy\" decoding=\"async\" class=\"alignnone size-medium wp-image-6343\" style=\"font-weight: inherit;\" src=\"https:\/\/rolovrata.com\/wp-content\/uploads\/2023\/08\/m1.jpg\" alt=\"\" width=\"240\" height=\"142\" \/><\/p>","protected":false},"excerpt":{"rendered":"<p>Garage doors made of double profiles (height 7.7 cm - thickness 1.9 cm) of plastic-coated aluminum or steel, filled with polyurethane foam.<br \/>\nPVC side plugs are installed at the ends of the slats. The doors can also have aluminum elements with small windows.<\/p>","protected":false},"featured_media":6342,"template":"","meta":{"site-sidebar-layout":"default","site-content-layout":"default","ast-site-content-layout":"default","site-content-style":"default","site-sidebar-style":"default","ast-global-header-display":"","ast-banner-title-visibility":"","ast-main-header-display":"","ast-hfb-above-header-display":"","ast-hfb-below-header-display":"","ast-hfb-mobile-header-display":"","site-post-title":"","ast-breadcrumbs-content":"","ast-featured-img":"","footer-sml-layout":"","ast-disable-related-posts":"","theme-transparent-header-meta":"default","adv-header-id-meta":"","stick-header-meta":"","header-above-stick-meta":"","header-main-stick-meta":"","header-below-stick-meta":"","astra-migrate-meta-layouts":"set","ast-page-background-enabled":"default","ast-page-background-meta":{"desktop":{"background-color":"","background-image":"","background-repeat":"repeat","background-position":"center center","background-size":"auto","background-attachment":"scroll","background-type":"","background-media":"","overlay-type":"","overlay-color":"","overlay-opacity":"","overlay-gradient":""},"tablet":{"background-color":"","background-image":"","background-repeat":"repeat","background-position":"center center","background-size":"auto","background-attachment":"scroll","background-type":"","background-media":"","overlay-type":"","overlay-color":"","overlay-opacity":"","overlay-gradient":""},"mobile":{"background-color":"","background-image":"","background-repeat":"repeat","background-position":"center center","background-size":"auto","background-attachment":"scroll","background-type":"","background-media":"","overlay-type":"","overlay-color":"","overlay-opacity":"","overlay-gradient":""}},"ast-content-background-meta":{"desktop":{"background-color":"var(--ast-global-color-5)","background-image":"","background-repeat":"repeat","background-position":"center center","background-size":"auto","background-attachment":"scroll","background-type":"","background-media":"","overlay-type":"","overlay-color":"","overlay-opacity":"","overlay-gradient":""},"tablet":{"background-color":"var(--ast-global-color-5)","background-image":"","background-repeat":"repeat","background-position":"center center","background-size":"auto","background-attachment":"scroll","background-type":"","background-media":"","overlay-type":"","overlay-color":"","overlay-opacity":"","overlay-gradient":""},"mobile":{"background-color":"var(--ast-global-color-5)","background-image":"","background-repeat":"repeat","background-position":"center center","background-size":"auto","background-attachment":"scroll","background-type":"","background-media":"","overlay-type":"","overlay-color":"","overlay-opacity":"","overlay-gradient":""}},"slim_seo":{"title":"Gara\u017ena vrata SC Poliuretan - ITALSERRANDE","description":"Gara\u017ena vrata izra\u0111ena od dvostrukih profila (visine 7,7 cm - debljine 1,9 cm) od plastificiranog aluminija ili eelika, ispunjenih poliuretan pjenom. Na zavr\u0161ec"}},"product_brand":[],"product_cat":[38,24],"product_tag":[44],"class_list":{"0":"post-6339","1":"product","2":"type-product","3":"status-publish","4":"has-post-thumbnail","6":"product_cat-garazna-vrata","7":"product_cat-proizvodi","8":"product_tag-garazna-vrata","9":"desktop-align-center","10":"tablet-align-center","11":"mobile-align-center","13":"first","14":"instock","15":"shipping-taxable","16":"product-type-simple"},"_links":{"self":[{"href":"https:\/\/rolovrata.com\/en\/wp-json\/wp\/v2\/product\/6339","targetHints":{"allow":["GET"]}}],"collection":[{"href":"https:\/\/rolovrata.com\/en\/wp-json\/wp\/v2\/product"}],"about":[{"href":"https:\/\/rolovrata.com\/en\/wp-json\/wp\/v2\/types\/product"}],"wp:featuredmedia":[{"embeddable":true,"href":"https:\/\/rolovrata.com\/en\/wp-json\/wp\/v2\/media\/6342"}],"wp:attachment":[{"href":"https:\/\/rolovrata.com\/en\/wp-json\/wp\/v2\/media?parent=6339"}],"wp:term":[{"taxonomy":"product_brand","embeddable":true,"href":"https:\/\/rolovrata.com\/en\/wp-json\/wp\/v2\/product_brand?post=6339"},{"taxonomy":"product_cat","embeddable":true,"href":"https:\/\/rolovrata.com\/en\/wp-json\/wp\/v2\/product_cat?post=6339"},{"taxonomy":"product_tag","embeddable":true,"href":"https:\/\/rolovrata.com\/en\/wp-json\/wp\/v2\/product_tag?post=6339"}],"curies":[{"name":"wp","href":"https:\/\/api.w.org\/{rel}","templated":true}]}}